{"id":321,"date":"2017-06-16T17:13:09","date_gmt":"2017-06-16T17:13:09","guid":{"rendered":"http:\/\/cdmarathon.net\/news\/?page_id=321"},"modified":"2019-02-11T17:32:54","modified_gmt":"2019-02-11T17:32:54","slug":"aficion","status":"publish","type":"page","link":"https:\/\/cdmarathon.net\/news\/aficion\/","title":{"rendered":"AFICI\u00d3N"},"content":{"rendered":"<p style=\"text-align: center;\"><strong>HINCHADA<\/strong><\/p>\n<p>&nbsp;<\/p>\n<p id=\"u3135-2\">El Club Deportivo Marath\u00f3n tiene una de las mayores barras bravas del pa\u00eds, La Furia Verde, sus colores principales son el verde, rojo y blanco que en todos los partidos del club apoyan incesantemente al equipo con un despliegue de una gran cantidad de banderas, mantas e instrumentos de percusi\u00f3n que le proporcionan un sabor especial a cada partido, esta barra tambi\u00e9n se ha caracterizado por ser pacifica y casi nunca se enfrenta violentamente a las barras de los equipos rivales.<\/p>\n<p id=\"u3135-5\">A lo largo de los \u00faltimos a\u00f1os la hinchada de Marath\u00f3n ha ido aumentado debido a su regularidad y campeonatos logrados, siendo uno de los\u00a0 \u00fanicos equipos que no han tenido altibajos, estando entre las primeras posiciones de los \u00faltimos campeonatos en la \u00faltima d\u00e9cada, por lo que las nuevas generaciones se identifican con el club y que se hace notar en la gran cantidad de j\u00f3venes que asisten al estadio con los colores verde, rojo del Marath\u00f3n.<\/p>\n<p><img loading=\"lazy\" decoding=\"async\" class=\"alignnone size-full wp-image-660\" src=\"http:\/\/cdmarathon.net\/news\/wp-content\/uploads\/2017\/06\/DSC_0031.jpg\" alt=\"DSC_0031\" width=\"4496\" height=\"3000\" srcset=\"https:\/\/cdmarathon.net\/news\/wp-content\/uploads\/2017\/06\/DSC_0031.jpg 4496w, https:\/\/cdmarathon.net\/news\/wp-content\/uploads\/2017\/06\/DSC_0031-547x365.jpg 547w, https:\/\/cdmarathon.net\/news\/wp-content\/uploads\/2017\/06\/DSC_0031-768x512.jpg 768w, https:\/\/cdmarathon.net\/news\/wp-content\/uploads\/2017\/06\/DSC_0031-719x480.jpg 719w\" sizes=\"auto, (max-width: 4496px) 100vw, 4496px\" \/> <img loading=\"lazy\" decoding=\"async\" class=\"alignnone size-full wp-image-661\" src=\"http:\/\/cdmarathon.net\/news\/wp-content\/uploads\/2017\/06\/DSC_0043.jpg\" alt=\"DSC_0043\" width=\"4496\" height=\"3000\" srcset=\"https:\/\/cdmarathon.net\/news\/wp-content\/uploads\/2017\/06\/DSC_0043.jpg 4496w, https:\/\/cdmarathon.net\/news\/wp-content\/uploads\/2017\/06\/DSC_0043-547x365.jpg 547w, https:\/\/cdmarathon.net\/news\/wp-content\/uploads\/2017\/06\/DSC_0043-768x512.jpg 768w, https:\/\/cdmarathon.net\/news\/wp-content\/uploads\/2017\/06\/DSC_0043-719x480.jpg 719w\" sizes=\"auto, (max-width: 4496px) 100vw, 4496px\" \/> <img loading=\"lazy\" decoding=\"async\" class=\"alignnone size-full wp-image-662\" src=\"http:\/\/cdmarathon.net\/news\/wp-content\/uploads\/2017\/06\/DSC_0087.jpg\" alt=\"DSC_0087\" width=\"4496\" height=\"3000\" srcset=\"https:\/\/cdmarathon.net\/news\/wp-content\/uploads\/2017\/06\/DSC_0087.jpg 4496w, https:\/\/cdmarathon.net\/news\/wp-content\/uploads\/2017\/06\/DSC_0087-547x365.jpg 547w, https:\/\/cdmarathon.net\/news\/wp-content\/uploads\/2017\/06\/DSC_0087-768x512.jpg 768w, https:\/\/cdmarathon.net\/news\/wp-content\/uploads\/2017\/06\/DSC_0087-719x480.jpg 719w\" sizes=\"auto, (max-width: 4496px) 100vw, 4496px\" \/> <img loading=\"lazy\" decoding=\"async\" class=\"alignnone size-full wp-image-663\" src=\"http:\/\/cdmarathon.net\/news\/wp-content\/uploads\/2017\/06\/DSC_0139.jpg\" alt=\"DSC_0139\" width=\"4496\" height=\"3000\" srcset=\"https:\/\/cdmarathon.net\/news\/wp-content\/uploads\/2017\/06\/DSC_0139.jpg 4496w, https:\/\/cdmarathon.net\/news\/wp-content\/uploads\/2017\/06\/DSC_0139-547x365.jpg 547w, https:\/\/cdmarathon.net\/news\/wp-content\/uploads\/2017\/06\/DSC_0139-768x512.jpg 768w, https:\/\/cdmarathon.net\/news\/wp-content\/uploads\/2017\/06\/DSC_0139-719x480.jpg 719w\" sizes=\"auto, (max-width: 4496px) 100vw, 4496px\" \/> <img loading=\"lazy\" decoding=\"async\" class=\"alignnone size-full wp-image-664\" src=\"http:\/\/cdmarathon.net\/news\/wp-content\/uploads\/2017\/06\/DSC_0195.jpg\" alt=\"DSC_0195\" width=\"4496\" height=\"3000\" srcset=\"https:\/\/cdmarathon.net\/news\/wp-content\/uploads\/2017\/06\/DSC_0195.jpg 4496w, https:\/\/cdmarathon.net\/news\/wp-content\/uploads\/2017\/06\/DSC_0195-547x365.jpg 547w, https:\/\/cdmarathon.net\/news\/wp-content\/uploads\/2017\/06\/DSC_0195-768x512.jpg 768w, https:\/\/cdmarathon.net\/news\/wp-content\/uploads\/2017\/06\/DSC_0195-719x480.jpg 719w\" sizes=\"auto, (max-width: 4496px) 100vw, 4496px\" \/> <img loading=\"lazy\" decoding=\"async\" class=\"alignnone size-full wp-image-665\" src=\"http:\/\/cdmarathon.net\/news\/wp-content\/uploads\/2017\/06\/DSC_0197.jpg\" alt=\"DSC_0197\" width=\"4496\" height=\"3000\" srcset=\"https:\/\/cdmarathon.net\/news\/wp-content\/uploads\/2017\/06\/DSC_0197.jpg 4496w, https:\/\/cdmarathon.net\/news\/wp-content\/uploads\/2017\/06\/DSC_0197-547x365.jpg 547w, https:\/\/cdmarathon.net\/news\/wp-content\/uploads\/2017\/06\/DSC_0197-768x512.jpg 768w, https:\/\/cdmarathon.net\/news\/wp-content\/uploads\/2017\/06\/DSC_0197-719x480.jpg 719w\" sizes=\"auto, (max-width: 4496px) 100vw, 4496px\" \/> <img loading=\"lazy\" decoding=\"async\" class=\"alignnone size-full wp-image-666\" src=\"http:\/\/cdmarathon.net\/news\/wp-content\/uploads\/2017\/06\/DSC_0243-1.jpg\" alt=\"DSC_0243\" width=\"6000\" height=\"4000\" srcset=\"https:\/\/cdmarathon.net\/news\/wp-content\/uploads\/2017\/06\/DSC_0243-1.jpg 6000w, https:\/\/cdmarathon.net\/news\/wp-content\/uploads\/2017\/06\/DSC_0243-1-548x365.jpg 548w, https:\/\/cdmarathon.net\/news\/wp-content\/uploads\/2017\/06\/DSC_0243-1-768x512.jpg 768w, https:\/\/cdmarathon.net\/news\/wp-content\/uploads\/2017\/06\/DSC_0243-1-720x480.jpg 720w\" sizes=\"auto, (max-width: 6000px) 100vw, 6000px\" \/> <img loading=\"lazy\" decoding=\"async\" class=\"alignnone size-full wp-image-667\" src=\"http:\/\/cdmarathon.net\/news\/wp-content\/uploads\/2017\/06\/DSC_0385.jpg\" alt=\"DSC_0385\" width=\"6000\" height=\"4000\" srcset=\"https:\/\/cdmarathon.net\/news\/wp-content\/uploads\/2017\/06\/DSC_0385.jpg 6000w, https:\/\/cdmarathon.net\/news\/wp-content\/uploads\/2017\/06\/DSC_0385-548x365.jpg 548w, https:\/\/cdmarathon.net\/news\/wp-content\/uploads\/2017\/06\/DSC_0385-768x512.jpg 768w, https:\/\/cdmarathon.net\/news\/wp-content\/uploads\/2017\/06\/DSC_0385-720x480.jpg 720w\" sizes=\"auto, (max-width: 6000px) 100vw, 6000px\" \/> <img loading=\"lazy\" decoding=\"async\" class=\"alignnone size-full wp-image-668\" src=\"http:\/\/cdmarathon.net\/news\/wp-content\/uploads\/2017\/06\/DSC_0387.jpg\" alt=\"DSC_0387\" width=\"6000\" height=\"4000\" srcset=\"https:\/\/cdmarathon.net\/news\/wp-content\/uploads\/2017\/06\/DSC_0387.jpg 6000w, https:\/\/cdmarathon.net\/news\/wp-content\/uploads\/2017\/06\/DSC_0387-548x365.jpg 548w, https:\/\/cdmarathon.net\/news\/wp-content\/uploads\/2017\/06\/DSC_0387-768x512.jpg 768w, https:\/\/cdmarathon.net\/news\/wp-content\/uploads\/2017\/06\/DSC_0387-720x480.jpg 720w\" sizes=\"auto, (max-width: 6000px) 100vw, 6000px\" \/><\/p>\n","protected":false},"excerpt":{"rendered":"<p>HINCHADA &nbsp; El Club Deportivo Marath\u00f3n tiene una de las mayores barras bravas del pa\u00eds, La Furia Verde, sus colores principales son el verde,<\/p>\n","protected":false},"author":1,"featured_media":0,"parent":0,"menu_order":0,"comment_status":"closed","ping_status":"closed","template":"","meta":{"footnotes":""},"class_list":["post-321","page","type-page","status-publish","hentry"],"_links":{"self":[{"href":"https:\/\/cdmarathon.net\/news\/wp-json\/wp\/v2\/pages\/321","targetHints":{"allow":["GET"]}}],"collection":[{"href":"https:\/\/cdmarathon.net\/news\/wp-json\/wp\/v2\/pages"}],"about":[{"href":"https:\/\/cdmarathon.net\/news\/wp-json\/wp\/v2\/types\/page"}],"author":[{"embeddable":true,"href":"https:\/\/cdmarathon.net\/news\/wp-json\/wp\/v2\/users\/1"}],"replies":[{"embeddable":true,"href":"https:\/\/cdmarathon.net\/news\/wp-json\/wp\/v2\/comments?post=321"}],"version-history":[{"count":6,"href":"https:\/\/cdmarathon.net\/news\/wp-json\/wp\/v2\/pages\/321\/revisions"}],"predecessor-version":[{"id":669,"href":"https:\/\/cdmarathon.net\/news\/wp-json\/wp\/v2\/pages\/321\/revisions\/669"}],"wp:attachment":[{"href":"https:\/\/cdmarathon.net\/news\/wp-json\/wp\/v2\/media?parent=321"}],"curies":[{"name":"wp","href":"https:\/\/api.w.org\/{rel}","templated":true}]}}