{"id":292,"date":"2017-06-16T05:24:57","date_gmt":"2017-06-16T05:24:57","guid":{"rendered":"http:\/\/cdmarathon.net\/news\/?page_id=292"},"modified":"2017-06-16T05:24:57","modified_gmt":"2017-06-16T05:24:57","slug":"mas-sobre-nosotros","status":"publish","type":"page","link":"https:\/\/cdmarathon.net\/news\/mas-sobre-nosotros\/","title":{"rendered":"MAS SOBRE NOSOTROS"},"content":{"rendered":"<div id=\"pu40080\" class=\"clearfix colelem\">\n<div id=\"u40094-10\" class=\"clearfix grpelem\">\n<p id=\"u40094-2\"><img loading=\"lazy\" decoding=\"async\" class=\"alignnone size-full wp-image-294\" src=\"http:\/\/cdmarathon.net\/news\/wp-content\/uploads\/2017\/06\/Ceq_QFNW8AISxa0.jpg\" alt=\"Ceq_QFNW8AISxa0\" width=\"448\" height=\"286\" \/><\/p>\n<p><strong>Primer t\u00edtulo (1979)<\/strong><\/p>\n<p id=\"u40094-5\">El club conseguir\u00eda su primer t\u00edtulo en su historia en 1979. Bajo las \u00f3rdenes de \u00c1ngel Ram\u00f3n Rodr\u00edguez, Marath\u00f3n fue en busca del primer t\u00edtulo de campe\u00f3n en Honduras para el Torneo 1979.<\/p>\n<p id=\"u40094-8\">Con figuras como Roberto &#8220;Robot&#8221; Bailey, Arturo &#8220;Pacharaca&#8221; Bonilla, Francisco Javier Toledo, Celso G\u00fcity, Efra\u00edn &#8220;Pucho&#8221; Osorio, Ram\u00f3n &#8220;Alba\u00f1il&#8221; Osorio, Ren\u00e9 &#8220;Maravilla&#8221; Suazo, Jorge Alberto &#8220;Cuca&#8221; Bueso, F\u00e9lix Carranza, Jorge Phoyo\u00fa (uruguayo), Alberto Merelles (argentino), Juan Carlos Weber (argentino) y otros, el club se mantuvo en el primer lugar de las vueltas regulares, teniendo asegurada su clasificaci\u00f3n a la final.<\/p>\n<\/div>\n<\/div>\n<p>&nbsp;<\/p>\n<p>&nbsp;<\/p>\n<div id=\"pu40097-10\" class=\"clearfix colelem\">\n<div id=\"u40097-10\" class=\"clearfix grpelem\">\n<p id=\"u40097-2\"><img loading=\"lazy\" decoding=\"async\" class=\"alignnone size-medium wp-image-295\" src=\"http:\/\/cdmarathon.net\/news\/wp-content\/uploads\/2017\/06\/Leonel-Machado-Marathon-del-85-posado-557x365.jpg\" alt=\"Leonel Machado Marathon del 85 posado\" width=\"557\" height=\"365\" srcset=\"https:\/\/cdmarathon.net\/news\/wp-content\/uploads\/2017\/06\/Leonel-Machado-Marathon-del-85-posado-557x365.jpg 557w, https:\/\/cdmarathon.net\/news\/wp-content\/uploads\/2017\/06\/Leonel-Machado-Marathon-del-85-posado-768x503.jpg 768w, https:\/\/cdmarathon.net\/news\/wp-content\/uploads\/2017\/06\/Leonel-Machado-Marathon-del-85-posado-733x480.jpg 733w, https:\/\/cdmarathon.net\/news\/wp-content\/uploads\/2017\/06\/Leonel-Machado-Marathon-del-85-posado.jpg 960w\" sizes=\"auto, (max-width: 557px) 100vw, 557px\" \/><\/p>\n<p><strong>Segundo t\u00edtulo (1985)<\/strong><\/p>\n<p>&nbsp;<\/p>\n<p id=\"u40097-5\">Pasaron seis a\u00f1os para que Marath\u00f3n consiguiera un nuevo t\u00edtulo. Este se consigui\u00f3 en 1985. En ese entonces, Gonzalo Zelaya (quien dos a\u00f1os antes fue campe\u00f3n con el Club Deportivo y Social Vida) de La Ceiba) era el entrenador del equipo sampedrano. En la temporada regular, Marath\u00f3n fue segundo de su grupo detr\u00e1s del Club Deportivo Olimpia en la diferencia de goles.<\/p>\n<p id=\"u40097-6\">\n<p id=\"u40097-8\">En la cuadrangular final, Marath\u00f3n fue el campe\u00f3n con 4 victorias, 1 empate y tan s\u00f3lo 1 derrota ante sus rivales: Vida, Motagua y Olimpia. En el partido decisivo en San Pedro Sula, en el Estadio Francisco Moraz\u00e1n, Marath\u00f3n se enfrent\u00f3 al Vida. Con un gol del volante Roy Padilla Bardales, el cuadro esmeralda gan\u00f3 1-0 y se coron\u00f3 por segunda vez en su historia.<\/p>\n<\/div>\n<div id=\"u40091\" class=\"museBGSize grpelem\"><\/div>\n<div id=\"u40084\" class=\"grpelem\"><\/div>\n<\/div>\n<div id=\"pu40081\" class=\"clearfix colelem\">\n<div id=\"u40081\" class=\"grpelem\"><\/div>\n<div id=\"u40088\" class=\"museBGSize grpelem\"><\/div>\n<div id=\"u40095-7\" class=\"clearfix grpelem\">\n<p id=\"u40095-2\"><img loading=\"lazy\" decoding=\"async\" class=\"alignnone size-medium wp-image-296\" src=\"http:\/\/cdmarathon.net\/news\/wp-content\/uploads\/2017\/06\/13034scr_847b3a8777a35b6-549x365.jpg\" alt=\"13034scr_847b3a8777a35b6\" width=\"549\" height=\"365\" srcset=\"https:\/\/cdmarathon.net\/news\/wp-content\/uploads\/2017\/06\/13034scr_847b3a8777a35b6-549x365.jpg 549w, https:\/\/cdmarathon.net\/news\/wp-content\/uploads\/2017\/06\/13034scr_847b3a8777a35b6-768x510.jpg 768w, https:\/\/cdmarathon.net\/news\/wp-content\/uploads\/2017\/06\/13034scr_847b3a8777a35b6-722x480.jpg 722w, https:\/\/cdmarathon.net\/news\/wp-content\/uploads\/2017\/06\/13034scr_847b3a8777a35b6.jpg 1100w\" sizes=\"auto, (max-width: 549px) 100vw, 549px\" \/><\/p>\n<p><strong>Tercer t\u00edtulo (2002)<\/strong><\/p>\n<p id=\"u40095-3\">\n<p id=\"u40095-5\">Marath\u00f3n tuvo una sequ\u00eda de casi 17 a\u00f1os sin ning\u00fan t\u00edtulo de Liga Nacional, lo que le hizo ganarse el apodo de &#8220;equipo sufrido&#8221;. Sin embargo, a comienzos del nuevo siglo (Siglo XXI), el club empez\u00f3 a tener un resurgimiento. Esto gracias a que, en el a\u00f1o 2001, el t\u00e9cnico hondure\u00f1o Jos\u00e9 de la Paz Herrera (mejor conocido como Chelato Ucl\u00e9s) empez\u00f3 un proyecto de renovaci\u00f3n en el plantel. Armando un equipo sin tanta fama, el se\u00f1or Ucl\u00e9s llev\u00f3 al Marath\u00f3n otra vez a la cima; lo convirti\u00f3 otra vez en un equipo grande. En su segundo torneo (Apertura 2001) con Marath\u00f3n, Chelato Ucl\u00e9s llev\u00f3 al equipo verdolaga hasta la final, que perdi\u00f3 contra Motagua por penales (5-3). Sin embargo, el gran trabajo del Marath\u00f3n fue aplaudido y reconocido por varios periodistas, aficionados y t\u00e9cnicos en el pa\u00eds debigo a su f\u00fatbol ofensivo y vistoso.<\/p>\n<\/div>\n<\/div>\n<div id=\"pu40096-9\" class=\"clearfix colelem\">\n<div id=\"u40096-9\" class=\"clearfix grpelem\">\n<p id=\"u40096-2\"><strong>Cuarto t\u00edtulo (2003)<\/strong><\/p>\n<p id=\"u40096-4\">Solo pasaron 13 meses para que Marath\u00f3n volviera a conseguir otro t\u00edtulo en la d\u00e9cada de 2000. Este nuevo torneo lo conquist\u00f3 en el 2003, m\u00e1s precisamente el 1 de junio de ese a\u00f1o. En el Clausura 2003, los &#8220;verdes&#8221; fueron dirigidos por el brasile\u00f1o Flavio Ortega. Ortega sustituy\u00f3 al argentino Miguel Angel Lemme, que fue separado a mediados del torneo. Flavio Ortega levant\u00f3 al equipo verdolaga para ponerlo finalmente en la segunda posici\u00f3n de la vueltas regulares (s\u00f3lo superado por el Olimpia).<\/p>\n<p id=\"u40096-5\">\n<p id=\"u40096-7\">En las semifinales, Marath\u00f3n enfrent\u00f3 al Real Espa\u00f1a. En el partido de ida ambas escuadras empataron 1-1; Henry Jim\u00e9nez adelant\u00f3 al Real Espa\u00f1a, pero Pompilio Cacho empat\u00f3 para los esmeraldas. En el juego de vuelta, jugado en el Estadio Ol\u00edmpico de San Pedro Sula, volvieron a empatar 1-1.<\/p>\n<\/div>\n<div id=\"u40092\" class=\"museBGSize grpelem\"><\/div>\n<div id=\"u40085\" class=\"grpelem\"><\/div>\n<\/div>\n<div id=\"pu40082\" class=\"clearfix colelem\">\n<div id=\"u40082\" class=\"grpelem\"><\/div>\n<div id=\"u40089\" class=\"museBGSize grpelem\"><\/div>\n<div id=\"u40098-10\" class=\"clearfix grpelem\">\n<p id=\"u40098-2\"><img loading=\"lazy\" decoding=\"async\" class=\"alignnone size-medium wp-image-297\" src=\"http:\/\/cdmarathon.net\/news\/wp-content\/uploads\/2017\/06\/descarga-548x365.jpg\" alt=\"descarga\" width=\"548\" height=\"365\" srcset=\"https:\/\/cdmarathon.net\/news\/wp-content\/uploads\/2017\/06\/descarga-548x365.jpg 548w, https:\/\/cdmarathon.net\/news\/wp-content\/uploads\/2017\/06\/descarga.jpg 600w\" sizes=\"auto, (max-width: 548px) 100vw, 548px\" \/><\/p>\n<p><strong>Torneo Clausura 2009<\/strong><\/p>\n<p id=\"u40098-3\">\n<p id=\"u40098-5\">\u00b4En el Torneo Clausura 2009, durante las dos vueltas regulares el Campe\u00f3n del Torneo Clausura 2009 Marath\u00f3n qued\u00f3 en segundo lugar con 31 puntos, superado por el Club Deportivo Olimpia que acumul\u00f3 34 puntos. Marath\u00f3n perdi\u00f3 el 1.\u00ba lugar en la \u00faltima fecha perdiendo 1 a 2 frente al Club Deportivo Vida. Marath\u00f3n anot\u00f3 41 goles para convertirse en el equipo que m\u00e1s goles anot\u00f3, para un promedio de 2.44 goles por partido, resaltando las goleadas propinadas al Club Deportes Savio, Club Deportivo Hispano y Club Deportivo Motagua de 4-1, 4-0 y 6-3 respectivamente.<\/p>\n<p id=\"u40098-6\">\n<p id=\"u40098-8\">Sin embargo, tambi\u00e9n recibi\u00f3 22 goles en las dos vueltas regulares, resaltando una goleada de 1-4 recibida de parte del Club Deportes Savio.<\/p>\n<\/div>\n<\/div>\n<div id=\"pu40100-13\" class=\"clearfix colelem\">\n<div id=\"u40100-13\" class=\"clearfix grpelem\">\n<p>&nbsp;<\/p>\n<p>&nbsp;<\/p>\n<p id=\"u40100-2\"><img loading=\"lazy\" decoding=\"async\" class=\"alignnone size-medium wp-image-298\" src=\"http:\/\/cdmarathon.net\/news\/wp-content\/uploads\/2017\/06\/6020scr_e3ef0521e2d536b-462x365.jpg\" alt=\"6020scr_e3ef0521e2d536b\" width=\"462\" height=\"365\" srcset=\"https:\/\/cdmarathon.net\/news\/wp-content\/uploads\/2017\/06\/6020scr_e3ef0521e2d536b-462x365.jpg 462w, https:\/\/cdmarathon.net\/news\/wp-content\/uploads\/2017\/06\/6020scr_e3ef0521e2d536b-768x607.jpg 768w, https:\/\/cdmarathon.net\/news\/wp-content\/uploads\/2017\/06\/6020scr_e3ef0521e2d536b-608x480.jpg 608w, https:\/\/cdmarathon.net\/news\/wp-content\/uploads\/2017\/06\/6020scr_e3ef0521e2d536b.jpg 1013w\" sizes=\"auto, (max-width: 462px) 100vw, 462px\" \/><\/p>\n<p><strong>Torneo Apertura 2008-2009<\/strong><\/p>\n<p id=\"u40100-3\">\n<p id=\"u40100-5\">Marath\u00f3n qued\u00f3 Campe\u00f3n del Torneo Apertura 2008-2009, t\u00edtulo obtenido el 13 de diciembre de 2008 en la ciudad de San Pedro Sula al enfrentarse al Real Espa\u00f1a, siendo su cuarta final consecutiva.<\/p>\n<p id=\"u40100-6\">\n<p id=\"u40100-8\">En el Torneo Apertura 2008-2009, durante las dos vueltas regulares qued\u00f3 en segundo lugar con 32 puntos, superado por Real Espa\u00f1a que acumul\u00f3 38 puntos.<\/p>\n<p id=\"u40100-9\">\n<p id=\"u40100-11\">El Mi\u00e9rcoles 2 de diciembre de 2008; Marath\u00f3n se clasific\u00f3 a la Gran Final del Torneo Apertura 2008-2009 derrotando en Semifinales al CD Motagua de Tegucigalpa 1&#215;0.- Dicho juego se llev\u00f3 a cabo en el Ol\u00edmpico Metropolitano de San Pedro Sula.<\/p>\n<\/div>\n<div id=\"u40093\" class=\"museBGSize grpelem\"><\/div>\n<div id=\"u40086\" class=\"grpelem\"><\/div>\n<\/div>\n<div id=\"pu40083\" class=\"clearfix colelem\">\n<div id=\"u40083\" class=\"grpelem\"><\/div>\n<div id=\"u40090\" class=\"museBGSize grpelem\"><\/div>\n<div id=\"u40099-11\" class=\"clearfix grpelem shared_content\" data-content-guid=\"u40099-11_content\">\n<p id=\"u40099-2\"><img loading=\"lazy\" decoding=\"async\" class=\"alignnone size-full wp-image-300\" src=\"http:\/\/cdmarathon.net\/news\/wp-content\/uploads\/2017\/06\/4136438046_d06ea4e76d.jpg\" alt=\"4136438046_d06ea4e76d\" width=\"500\" height=\"281\" \/><\/p>\n<p><strong>Torneo Apertura 2009-10<\/strong><\/p>\n<p id=\"u40099-4\">Honduras tiene nuevamente una navidad verde, luego de que Marath\u00f3n se coronase campe\u00f3n el 25 de noviembre del 2009 en San Pedro Sula, luego de enfrentarse al Club Deportivo Olimpia en la gran final del torneo Apertura 2009. Marath\u00f3n es uno de los mejores equipos en este nuevo siglo al obtener su octava copa de campe\u00f3n (sexta desde el a\u00f1o 2002).<\/p>\n<p id=\"u40099-5\">\n<p id=\"u40099-7\"><strong>Semi-Finales<\/strong><\/p>\n<p id=\"u40099-9\">Marath\u00f3n termin\u00f3 en primera posici\u00f3n en las vueltas regulares y se enfrent\u00f3 en semifinales a su vecino de la ciudad Real Espa\u00f1a que termin\u00f3 en cuarta posici\u00f3n. Marath\u00f3n se clasific\u00f3 a la gran final derrotando al Real Espa\u00f1a en su propio estadio (2&#215;1), y luego perdiendo en el ol\u00edmpico con pol\u00e9mico arbitraje (1&#215;2), con marcador global de 3&#215;3, accediendo a la gran final por haber quedado mejor posicionado durante la fase clasificatoria o vueltas regulares. Gran Final El 22 de noviembre Marathon visit\u00f3 en Nacional de Tegucigalpa en el partido de ida de la gran final ante el Olimpia.<\/p>\n<\/div>\n<\/div>\n","protected":false},"excerpt":{"rendered":"<p>Primer t\u00edtulo (1979) El club conseguir\u00eda su primer t\u00edtulo en su historia en 1979. Bajo las \u00f3rdenes de \u00c1ngel Ram\u00f3n Rodr\u00edguez, Marath\u00f3n fue en<\/p>\n","protected":false},"author":1,"featured_media":0,"parent":0,"menu_order":0,"comment_status":"closed","ping_status":"closed","template":"","meta":{"footnotes":""},"class_list":["post-292","page","type-page","status-publish","hentry"],"_links":{"self":[{"href":"https:\/\/cdmarathon.net\/news\/wp-json\/wp\/v2\/pages\/292","targetHints":{"allow":["GET"]}}],"collection":[{"href":"https:\/\/cdmarathon.net\/news\/wp-json\/wp\/v2\/pages"}],"about":[{"href":"https:\/\/cdmarathon.net\/news\/wp-json\/wp\/v2\/types\/page"}],"author":[{"embeddable":true,"href":"https:\/\/cdmarathon.net\/news\/wp-json\/wp\/v2\/users\/1"}],"replies":[{"embeddable":true,"href":"https:\/\/cdmarathon.net\/news\/wp-json\/wp\/v2\/comments?post=292"}],"version-history":[{"count":1,"href":"https:\/\/cdmarathon.net\/news\/wp-json\/wp\/v2\/pages\/292\/revisions"}],"predecessor-version":[{"id":302,"href":"https:\/\/cdmarathon.net\/news\/wp-json\/wp\/v2\/pages\/292\/revisions\/302"}],"wp:attachment":[{"href":"https:\/\/cdmarathon.net\/news\/wp-json\/wp\/v2\/media?parent=292"}],"curies":[{"name":"wp","href":"https:\/\/api.w.org\/{rel}","templated":true}]}}