{"id":289,"date":"2017-06-16T05:15:10","date_gmt":"2017-06-16T05:15:10","guid":{"rendered":"http:\/\/cdmarathon.net\/news\/?page_id=289"},"modified":"2017-06-17T05:41:00","modified_gmt":"2017-06-17T05:41:00","slug":"historia","status":"publish","type":"page","link":"https:\/\/cdmarathon.net\/news\/historia\/","title":{"rendered":"HISTORIA"},"content":{"rendered":"<p><strong>No existe una cr\u00f3nica oficial sobre el origen del club, pero en general se considera una versi\u00f3n que existe referida por don Eloy Montes (QDDG) al respecto, tomada de la revista de 1972, en el 47 aniversario del Marath\u00f3n.En una reuni\u00f3n de amigos en 1925 surgi\u00f3 la idea de fundar un club de f\u00fatbol.<\/strong><\/p>\n<p id=\"u1318-5\"><strong>Eloy Montes recogi\u00f3 la idea y en la noche del 25 de noviembre de 1925, en el establecimiento comercial de Montes, se improvis\u00f3 una asamblea preliminar, con varios amigos reunidos como el propio Eloy Montes, Chris Sabill\u00f3n, Kevin S\u00e1nchez, Gerardo Fonseca, Anthony Torres, Jose Garcia, David el Topo Miralda, Rub\u00e9n Cerrato, Carlos Miranda, Pepe Am\u00e9ndola, Abrah\u00e1n Miselem, entre otros.<\/strong><\/p>\n<p id=\"u1318-8\"><strong>En esa reuni\u00f3n se eligi\u00f3 una directiva provisional, haciendo funciones de presidente don Eloy Montes. En la segunda sesi\u00f3n preliminar, don Eloy hab\u00eda pedido por su cuenta una pelota de f\u00fatbol a la casa Montgomery Ward de Chicago (Estados Unidos), pero debido a una confusi\u00f3n idiom\u00e1tica, en lugar de recibir una pelota de f\u00fatbol recibieron una de f\u00fatbol americano, cuya marca era \u201cMarath\u00f3n\u201d, y que fue la inspiraci\u00f3n para el nombre del club.<\/strong><\/p>\n<p id=\"u1318-11\"><strong>El club Marath\u00f3n es el \u00fanico equipo de Honduras en tener su propio estadio, el Yankel Rosenthal, que se ubica en la colonia La Sabana de esta ciudad, con capacidad para 7,500 aficionados.<\/strong><\/p>\n<p>&nbsp;<\/p>\n<p><b>\u00a0DATOS IMPORTANTES\u00a0<\/b><\/p>\n<p>El Marath\u00f3n en la \u00e9poca de los a\u00f1os sesenta y setenta fue denominado \u201cEl verdugo de los equipos extranjeros\u201d ya que en esa \u00e9poca ven\u00edan equipos extranjeros con frecuencia a Honduras y por lo general (a excepci\u00f3n del Olimpia) &#8220;barr\u00edan&#8221; con los equipos nacionales a diferencia del Marath\u00f3n, que al igual que el Olimpia, siempre les ganaban a los equipos extranjeros que visitaban el pa\u00eds.<\/p>\n<div>\n<p>Los triunfos m\u00e1s relevantes de los verdolagas en esa \u00e9poca: en 1966 golearon al Saprissa 4-0 en el Moraz\u00e1n; vencieron al Pachuca de M\u00e9xico 2-1 tambi\u00e9n en el Moraz\u00e1n en 1967; derrotaron al Sporting Cristal 2-1 nuevamente en el Moraz\u00e1n en 1971 y vencieron f\u00e1cilmente a equipos centroamericanos de Guatemala, Costa Rica y El Salvador, todos en juegos amistosos, lamentablemente, en juegos oficiales, Marathon nunca pudo cristalizar con m\u00e1s peso ese marcado dominio que tuvo sobre clubes extranjeros, ya que en sus registros jugando en torneos fuera de Honduras no aparece ning\u00fan t\u00edtulo internacional.<\/p>\n<ul>\n<li>Marath\u00f3n fue el primer equipo de Honduras en vencer a un club mexicano en partidos oficiales. En el a\u00f1o de 1981 el Club Deportivo Marath\u00f3n venci\u00f3 al Cruz Azul en M\u00e9xico 3-1.<\/li>\n<\/ul>\n<ul>\n<li>El primer juego que el Marath\u00f3n sostuvo contra equipos suramericanos fue en 1968 y su adversario fue el C\u00facuta de Colombia, al que derrot\u00f3 3-0 en el Moraz\u00e1n y el \u00faltimo encuentro que ha tenido contra un equipo suramericano fue en el a\u00f1o 2002, cuando venci\u00f3 al River Plate de Argentina por 3-1 en el Estadio Ol\u00edmpico Metropolitano.<\/li>\n<\/ul>\n<ul>\n<li>El primer juego contra un equipo mexicano fue en el a\u00f1o 1967, cuando aplastaron al Irapuato 6-3 en el Estadio Francisco Moraz\u00e1n y el \u00faltimo encuentro registrado fue el 14 de septiembre de 2010, fecha en que perdieron en M\u00e9xico 2-0 contra Monterrey.<\/li>\n<\/ul>\n<ul>\n<li>El m\u00e1ximo goleador del Marath\u00f3n hasta la fecha es Gilberto Leonel Machado, con 78 tantos.<\/li>\n<\/ul>\n<ul>\n<li>La mayor goleada que ha dado el Marath\u00f3n fue en 1976 cuando le gan\u00f3 7-0 a Campamento.<\/li>\n<\/ul>\n<ul>\n<li>La mayor goleada fue recibida del Club Deportivo Toluca (M\u00e9xico) en 2009 cuando perdieron 7-0 en Concachampions en el Estadio Nemesio Diez.<\/li>\n<li>Marath\u00f3n sostuvo un juego contra el Santos de Brasil en 1969 el cual qued\u00f3 empatado 1-1, cabe destacar que Pel\u00e9 conformaba la alineaci\u00f3n del segundo tiempo.<\/li>\n<\/ul>\n<ul>\n<li>Marath\u00f3n ha jugado 15 finales (Sin incluirse 1966, 1967, 1973 Subcampe\u00f3n en Campeonato Regular y 1985 Campe\u00f3n, no hubo final)<\/li>\n<\/ul>\n<ul>\n<li>De estas 15 finales, Marath\u00f3n ha jugado 12 en el siglo XXI, ha ganado 6 y perdido 6:\n<ul>\n<li>Ocho contra Olimpia de las cuales ha perdido cinco y ha ganado tres.<\/li>\n<li>Tres contra Motagua de las cuales ha ganado dos y ha perdido una<\/li>\n<li>Tres contra Real Espa\u00f1a de las cuales ha ganado una y perdido dos<\/li>\n<li>Una contra Universidad y la gan\u00f3<\/li>\n<\/ul>\n<\/li>\n<\/ul>\n<ul>\n<li>Marathon recientemente consiguio el r\u00e9cord de ser el equipo hondure\u00f1o que mas goles ha anotado en sus dos primeros partidos de Liga Nacional. Este record lo consigui\u00f3 en el actual torneo Apertura 2011-2012, donde goleo 5-0 al Deportes Savio y 3-0 al Platense.<\/li>\n<\/ul>\n<table class=\"tr-caption-container\" cellspacing=\"0\" cellpadding=\"0\" align=\"center\">\n<tbody>\n<tr>\n<td><img loading=\"lazy\" decoding=\"async\" src=\"http:\/\/2.bp.blogspot.com\/-VNYbIFzhMQ4\/TlndSfym5vI\/AAAAAAAAAIc\/H34qhY5wGJ4\/s400\/Emil-Martinez-Marathon.jpg\" width=\"400\" height=\"320\" border=\"0\" \/><\/td>\n<\/tr>\n<tr>\n<td class=\"tr-caption\">La estrella del momento en el verde es Emil Mart\u00ednez, es producto de las canteras, sale al extranjero y cuando regresa al pa\u00eds ya se sabe que camiseta vestir\u00e1 el &#8220;cabez\u00f3n&#8221;. Emil en el extranjero ha jugado en varios paises entre ellos; Costa Rica donde jug\u00f3 para el Alajuela el a\u00f1o 2005, en China estuvo un a\u00f1o, temporada 2008-2009 jug\u00f3 para el Shangh\u00e1i Shenhua y para el Beijing Guoan, luego pas\u00f3 al f\u00fatbol de M\u00e9xico donde lo hizo una temporada en el Indios de Ciudad Ju\u00e1rez, regres\u00f3 a China y lo hizo para Hangzhou Greentown y desde el torneo pasado esta vistiendo la camiseta, nuevamente, la del Marath\u00f3n. El equipo de sus amores.<\/td>\n<\/tr>\n<\/tbody>\n<\/table>\n<p><b>\u00a0MARATH\u00d3N EN LA CONCACHAMPIONS<\/b><\/p>\n<h3><span id=\"Concacaf_Liga_Campeones_2008-2009\" class=\"mw-headline\">Concacaf Liga Campeones 2008-2009<\/span><\/h3>\n<ul>\n<li>Entre los meses de septiembre y octubre de 2008, comenz\u00f3 su participaci\u00f3n en el Torneo de Campeones de CONCACAF \u00f3 Concachampions, participando en el denominado &#8220;Grupo de la Muerte&#8221;.<\/li>\n<\/ul>\n<ul>\n<li>Durante estos juegos, obtuvo los siguientes resultados:\n<ul>\n<li>Marath\u00f3n 2 &#8211; Cruz Azul 0<\/li>\n<li>Marath\u00f3n 2 &#8211; DC United 0<\/li>\n<li>Saprissa 2 &#8211; Marath\u00f3n 1<\/li>\n<li>Cruz Azul 1 &#8211; Marath\u00f3n 1<\/li>\n<li>DC United 2 &#8211; Marath\u00f3n 4<\/li>\n<li>Marath\u00f3n 2 &#8211; Saprissa 0<\/li>\n<\/ul>\n<\/li>\n<\/ul>\n<ul>\n<li>Clasific\u00f3 primero en su grupo con 13 puntos y como superl\u00edder respecto al resto de grupos de este torneo.<\/li>\n<\/ul>\n<h3><span id=\"Cuartos_de_Final\" class=\"mw-headline\">Cuartos de Final<\/span><\/h3>\n<ul>\n<li>\n<ul>\n<li>Puerto Rico Islanders 2-1 Marath\u00f3n (Estadio San Juan)<\/li>\n<li>Marath\u00f3n 0-1 Puerto Rico Islanders (Estadio Ol\u00edmpico SPS)<\/li>\n<\/ul>\n<\/li>\n<\/ul>\n<table class=\"tr-caption-container\" cellspacing=\"0\" cellpadding=\"0\" align=\"center\">\n<tbody>\n<tr>\n<td><img loading=\"lazy\" decoding=\"async\" src=\"http:\/\/1.bp.blogspot.com\/-imneaaxGHwA\/Tlnj7qtbJpI\/AAAAAAAAAIk\/lMQP165jXcw\/s400\/Palic%25E2%2580%259D+Castillo+en+el+Marath%25C3%25B3n.+En+la+imagen+junto+a+Pastor+Mart%25C3%25ADnez+y+Richardson+Smith..jpg\" width=\"400\" height=\"276\" border=\"0\" \/><\/td>\n<\/tr>\n<tr>\n<td class=\"tr-caption\">\n<div id=\"descripcion_img631579118\" class=\"fecha\">&#8220;Palic\u201d Castillo en el Marath\u00f3n. En la imagen junto a Pastor Mart\u00ednez y Richardson Smith.<\/div>\n<\/td>\n<\/tr>\n<\/tbody>\n<\/table>\n<h3><span id=\"Concacaf_Liga_Campeones_2009-2010\" class=\"mw-headline\">Concacaf Liga Campeones 2009-2010<\/span><\/h3>\n<p>Marath\u00f3n en la competici\u00f3n de Am\u00e9rica del Norte y Central obtuvo una serie de resultados en la fase de grupos, en la cual estaba acompa\u00f1ado por los clubes Toluca (M\u00e9xico), DC United (Estados Unidos) y San Juan Jabloteh (Trinidad y Tobago). Marath\u00f3n se clasific\u00f3 como segundo lugar en su grupo despu\u00e9s del club Toluca (M\u00e9xico).<br \/>\nResultados:<\/p>\n<ul>\n<li>\n<ul>\n<li>Marath\u00f3n 3-0 San Juan Jabloteh (Estadio Ol\u00edmpico)<\/li>\n<li>Marath\u00f3n 3-1 DC United (Estadio Ol\u00edmpico)<\/li>\n<li>Toluca 7-0 Marath\u00f3n (Estadio Nemesio Diez)<\/li>\n<li>DC United 3-0 Marath\u00f3n (Washington)<\/li>\n<li>Marath\u00f3n 2-0 Toluca (Estadio Ol\u00edmpico)<\/li>\n<li>San Juan Jabloteh 2-4 Marath\u00f3n (Trinidad y Tobago)<\/li>\n<\/ul>\n<h3><span id=\"Cuartos_de_Final_2\" class=\"mw-headline\">Cuartos de Final<\/span><\/h3>\n<p>Resultados:<\/li>\n<li>\n<ul>\n<li>Marathon 2-0 UNAM (Estadio Ol\u00edmpico SPS)<\/li>\n<li>UNAM 6-1 Marath\u00f3n (Estadio Ol\u00edmpico Universitario)<\/li>\n<\/ul>\n<\/li>\n<\/ul>\n<p>Por su condici\u00f3n de Campe\u00f3n del Torneo Apertura 2009, Marath\u00f3n est\u00e1 clasificado para la pr\u00f3xima edici\u00f3n del Torneo de Liga de Campeones de CONCACAF.<\/p>\n<table class=\"tr-caption-container\" cellspacing=\"0\" cellpadding=\"0\" align=\"center\">\n<tbody>\n<tr>\n<td><img loading=\"lazy\" decoding=\"async\" src=\"http:\/\/1.bp.blogspot.com\/-qi9b545dtwA\/Tlnhv4MvrLI\/AAAAAAAAAIg\/7CD6y0fWGHY\/s400\/maratyhon.jpg\" width=\"400\" height=\"223\" border=\"0\" \/><\/td>\n<\/tr>\n<tr>\n<td class=\"tr-caption\">El Marath\u00f3n en el 2011; Orlin Vallecillo, Quiarol Arz\u00fa, Rommel Murillo, Claudio Nicol\u00e1s Cardozo, Rogerio Silva, Erick Norales, Kurt C\u00e1rcamo, Banny Lozano, Mariano Acevedo, Reiniery Mallorqu\u00edn y Orvin Paz. Tambi\u00e9n, Marco Tulio Vega, Shane Orio, H\u00e9ctor Acu\u00f1a, Wilmer Fuentes, Mario Berrios, Mauricio Sabill\u00f3n, Emil Mart\u00ednez, Diego Silva, Astor Henrriquez, Carlos S\u00e1nchez, Cristhian Altamirano, Pastor Mart\u00ednez y Sa\u00fal Mart\u00ednez, excelente equipo.<\/td>\n<\/tr>\n<\/tbody>\n<\/table>\n<div class=\"separator\"><\/div>\n<p><b>PALMAR\u00c9S<\/b><\/p>\n<h3><span id=\"Torneos_nacionales\" class=\"mw-headline\">Torneos nacionales<\/span><\/h3>\n<ul>\n<li>Campe\u00f3n de la Liga Nacional de F\u00fatbol de Honduras (8):\n<ul>\n<li>1979 &#8211; \u00c1ngel Ram\u00f3n Rodr\u00edguez &#8211; Ganada a Universidad en TGU<\/li>\n<li>1985 &#8211; Gonzalo Zelaya &#8211; Contra Vida en SPS (No hubo final)<\/li>\n<li>Clausura 2001-2002 &#8211; Jos\u00e9 de la Paz Herrera &#8211; Mayo de 2002 &#8211; Ganada a Olimpia en TGU<\/li>\n<li>Clausura 2002-2003 &#8211; Flavio Ortega (QDDG) &#8211; Mayo de 2003 &#8211; Ganada a Motagua en SPS<\/li>\n<li>Apertura 2004-2005 &#8211; Nicol\u00e1s Suazo &#8211; Diciembre de 2004 &#8211; Ganada a Olimpia en TGU<\/li>\n<li>Apertura 2007-2008 &#8211; Manuel Keosseian &#8211; Diciembre de 2007 &#8211; Ganada a Motagua en SPS<\/li>\n<li>Apertura 2008-2009 &#8211; Manuel Keosseian &#8211; Diciembre de 2008 &#8211; Ganada a Real Espa\u00f1a en SPS<\/li>\n<li>Apertura 2009-2010 &#8211; Manuel Keosseian &#8211; Noviembre de 2009 &#8211; Ganada a Olimpia en SPS<\/li>\n<\/ul>\n<\/li>\n<\/ul>\n<ul>\n<li>Subcampe\u00f3n de la Liga Nacional de F\u00fatbol de Honduras (11):\n<ul>\n<li>1966<\/li>\n<li>1967<\/li>\n<li>1973<\/li>\n<li>1980 &#8211; Contra Real Espa\u00f1a<\/li>\n<li>1987 &#8211; Jos\u00e9 de la Paz Herrera &#8211; Diciembre de 1987 &#8211; Contra Olimpia en SPS<\/li>\n<li>Apertura 2001-2002 &#8211; Jos\u00e9 de la Paz Herrera &#8211; Diciembre de 2001 &#8211; Contra Motagua en TGU (penales)<\/li>\n<li>Clausura 2003-2004 &#8211; Alfonso Rend\u00f3n &#8211; Mayo de 2004 &#8211; Contra Olimpia en TGU<\/li>\n<li>Clausura 2004-2005 &#8211; Nicol\u00e1s Suazo &#8211; Mayo de 2005 &#8211; Contra Olimpia en TGU<\/li>\n<li>Apertura 2005-2006 &#8211; Juan de Dios Castillo &#8211; Diciembre de 2005 &#8211; Contra Olimpia en TGU<\/li>\n<li>Clausura 2006-2007 &#8211; Jorge Pineda &#8211; Mayo de 2007 &#8211; Contra Real Espa\u00f1a en SPS<\/li>\n<li>Clausura 2007-2008 &#8211; Jos\u00e9 de la Paz Herrera &#8211; Mayo de 2008 &#8211; Contra Ol\u00edmpia en Comayagua.<\/li>\n<\/ul>\n<\/li>\n<\/ul>\n<\/div>\n","protected":false},"excerpt":{"rendered":"<p>No existe una cr\u00f3nica oficial sobre el origen del club, pero en general se considera una versi\u00f3n que existe referida por don Eloy Montes<\/p>\n","protected":false},"author":1,"featured_media":0,"parent":0,"menu_order":0,"comment_status":"closed","ping_status":"closed","template":"","meta":{"footnotes":""},"class_list":["post-289","page","type-page","status-publish","hentry"],"_links":{"self":[{"href":"https:\/\/cdmarathon.net\/news\/wp-json\/wp\/v2\/pages\/289","targetHints":{"allow":["GET"]}}],"collection":[{"href":"https:\/\/cdmarathon.net\/news\/wp-json\/wp\/v2\/pages"}],"about":[{"href":"https:\/\/cdmarathon.net\/news\/wp-json\/wp\/v2\/types\/page"}],"author":[{"embeddable":true,"href":"https:\/\/cdmarathon.net\/news\/wp-json\/wp\/v2\/users\/1"}],"replies":[{"embeddable":true,"href":"https:\/\/cdmarathon.net\/news\/wp-json\/wp\/v2\/comments?post=289"}],"version-history":[{"count":4,"href":"https:\/\/cdmarathon.net\/news\/wp-json\/wp\/v2\/pages\/289\/revisions"}],"predecessor-version":[{"id":462,"href":"https:\/\/cdmarathon.net\/news\/wp-json\/wp\/v2\/pages\/289\/revisions\/462"}],"wp:attachment":[{"href":"https:\/\/cdmarathon.net\/news\/wp-json\/wp\/v2\/media?parent=289"}],"curies":[{"name":"wp","href":"https:\/\/api.w.org\/{rel}","templated":true}]}}