{"id":276,"date":"2017-06-16T04:50:26","date_gmt":"2017-06-16T04:50:26","guid":{"rendered":"http:\/\/cdmarathon.net\/news\/?page_id=276"},"modified":"2017-06-17T04:30:30","modified_gmt":"2017-06-17T04:30:30","slug":"bienvenidos","status":"publish","type":"page","link":"https:\/\/cdmarathon.net\/news\/bienvenidos\/","title":{"rendered":"BIENVENIDOS"},"content":{"rendered":"<p style=\"text-align: center;\"><strong>BIENVENIDOS VERDOLAGAS<\/strong><\/p>\n<div id=\"pu516-4\" class=\"clearfix colelem\">\n<div id=\"u516-4\" class=\"clearfix grpelem shared_content\" data-content-guid=\"u516-4_content\">\n<p>El Club Deportivo Marath\u00f3n es un club de f\u00fatbol de Honduras, que fue fundado en la ciudad de San Pedro Sula en el a\u00f1o 1925, es considerado junto al Olimpia, Motagua y Real Espa\u00f1a uno de los cuatro equipos denominados grandes del f\u00fatbol hondure\u00f1o, con sede en la ciudad de San Pedro Sula. Fue fundado el 25 de noviembre de 1925 y juega en la Liga Nacional de F\u00fatbol de Honduras.<\/p>\n<\/div>\n<div id=\"u3292\" class=\"grpelem shared_content\" data-content-guid=\"u3292_content\"><\/div>\n<div id=\"u3289-5\" class=\"clearfix grpelem shared_content\" data-content-guid=\"u3289-5_content\">\n<p id=\"u3289-2\">Marath\u00f3n juega sus partidos de local en el Estadio Yankel Rosenthal, que fue fundado en el a\u00f1o 2010, este estadio cuenta con una capacidad para 7,500 espectadores. Los colores principales del club son el verde, blanco y rojo. El equipo cuenta con 8 t\u00edtulos de Liga Nacional y ocupa el cuarto puesto en el lugar hist\u00f3rico de la Liga Nacional.<\/p>\n<\/div>\n<\/div>\n<p>&nbsp;<\/p>\n<p><img loading=\"lazy\" decoding=\"async\" class=\"aligncenter size-full wp-image-431\" src=\"http:\/\/cdmarathon.net\/news\/wp-content\/uploads\/2017\/06\/Banner-Directiva-145.jpg\" alt=\"Banner Directiva 145\" width=\"3500\" height=\"1902\" srcset=\"https:\/\/cdmarathon.net\/news\/wp-content\/uploads\/2017\/06\/Banner-Directiva-145.jpg 3500w, https:\/\/cdmarathon.net\/news\/wp-content\/uploads\/2017\/06\/Banner-Directiva-145-600x326.jpg 600w, https:\/\/cdmarathon.net\/news\/wp-content\/uploads\/2017\/06\/Banner-Directiva-145-768x417.jpg 768w, https:\/\/cdmarathon.net\/news\/wp-content\/uploads\/2017\/06\/Banner-Directiva-145-840x456.jpg 840w\" sizes=\"auto, (max-width: 3500px) 100vw, 3500px\" \/><\/p>\n<p><strong>\u00a0 \u00a0 \u00a0 \u00a0 \u00a0 \u00a0 \u00a0 \u00a0 \u00a0 \u00a0 \u00a0 \u00a0 \u00a0\u00a0<\/strong><\/p>\n","protected":false},"excerpt":{"rendered":"<p>BIENVENIDOS VERDOLAGAS El Club Deportivo Marath\u00f3n es un club de f\u00fatbol de Honduras, que fue fundado en la ciudad de San Pedro Sula en<\/p>\n","protected":false},"author":1,"featured_media":0,"parent":0,"menu_order":0,"comment_status":"closed","ping_status":"closed","template":"","meta":{"footnotes":""},"class_list":["post-276","page","type-page","status-publish","hentry"],"_links":{"self":[{"href":"https:\/\/cdmarathon.net\/news\/wp-json\/wp\/v2\/pages\/276","targetHints":{"allow":["GET"]}}],"collection":[{"href":"https:\/\/cdmarathon.net\/news\/wp-json\/wp\/v2\/pages"}],"about":[{"href":"https:\/\/cdmarathon.net\/news\/wp-json\/wp\/v2\/types\/page"}],"author":[{"embeddable":true,"href":"https:\/\/cdmarathon.net\/news\/wp-json\/wp\/v2\/users\/1"}],"replies":[{"embeddable":true,"href":"https:\/\/cdmarathon.net\/news\/wp-json\/wp\/v2\/comments?post=276"}],"version-history":[{"count":11,"href":"https:\/\/cdmarathon.net\/news\/wp-json\/wp\/v2\/pages\/276\/revisions"}],"predecessor-version":[{"id":432,"href":"https:\/\/cdmarathon.net\/news\/wp-json\/wp\/v2\/pages\/276\/revisions\/432"}],"wp:attachment":[{"href":"https:\/\/cdmarathon.net\/news\/wp-json\/wp\/v2\/media?parent=276"}],"curies":[{"name":"wp","href":"https:\/\/api.w.org\/{rel}","templated":true}]}}